{"id":6,"date":"2012-10-02T21:57:38","date_gmt":"2012-10-02T18:57:38","guid":{"rendered":"http:\/\/127.0.0.1\/wordpress\/?page_id=2"},"modified":"2023-05-22T18:49:09","modified_gmt":"2023-05-22T15:49:09","slug":"esimerkkisivu-2","status":"publish","type":"page","link":"https:\/\/www.ireneroivainen.net\/","title":{"rendered":"Irene"},"content":{"rendered":"\n<div class=\"wp-block-image\"><figure class=\"aligncenter size-large is-resized\"><a href=\"https:\/\/www.ireneroivainen.net\/wp-content\/uploads\/2021\/01\/IMG-1526-scaled.jpg\"><img loading=\"lazy\" decoding=\"async\" src=\"https:\/\/www.ireneroivainen.net\/wp-content\/uploads\/2021\/01\/IMG-1526-765x1024.jpg\" alt=\"Irene Roivainen. Riikka Lenkkerin maalaama virallinen muotokuva (2013) Tampereen kaupunginvaltuuston puheenjohtajasta (2009-2012).\" class=\"wp-image-1183\" width=\"383\" height=\"512\" srcset=\"https:\/\/www.ireneroivainen.net\/wp-content\/uploads\/2021\/01\/IMG-1526-765x1024.jpg 765w, https:\/\/www.ireneroivainen.net\/wp-content\/uploads\/2021\/01\/IMG-1526-224x300.jpg 224w, https:\/\/www.ireneroivainen.net\/wp-content\/uploads\/2021\/01\/IMG-1526-768x1028.jpg 768w, https:\/\/www.ireneroivainen.net\/wp-content\/uploads\/2021\/01\/IMG-1526-1147x1536.jpg 1147w, https:\/\/www.ireneroivainen.net\/wp-content\/uploads\/2021\/01\/IMG-1526-1530x2048.jpg 1530w, https:\/\/www.ireneroivainen.net\/wp-content\/uploads\/2021\/01\/IMG-1526-scaled.jpg 1912w\" sizes=\"auto, (max-width: 383px) 100vw, 383px\" \/><\/a><\/figure><\/div>\n\n\n\n<p class=\"has-drop-cap\">Olen tamperelainen yhteiskuntatieteiden tohtori. J\u00e4in el\u00e4kkeelle Tampereen yliopistosta elokuussa 2019 toimittuani sen palveluksessa kolmekymment\u00e4 vuotta eri teht\u00e4viss\u00e4, viimeiset kymmenen vuotta sosiaality\u00f6n m\u00e4\u00e4r\u00e4aikaisena professorina.<\/p>\n\n\n\n<p>Kev\u00e4\u00e4ll\u00e4 2017 j\u00e4tin kunnallispolitiikan nelj\u00e4n valtuustokauden j\u00e4lkeen ehditty\u00e4ni toimia mm. Tampereen kaupunginvaltuuston puheenjohtajana (2009\u20132012), kaupunginhallituksen j\u00e4senen\u00e4 ja 2. varapuheenjohtaja T\u00e4ll\u00e4 hetkell\u00e4 toimin Tampereen vuokra-asunnot (TVA) hallituksessa varapuheenjohtajana ja Tampereen Sarka Oy:ss\u00e4 puheenjohtajana.<\/p>\n\n\n\n<p>Toimin t\u00e4ll\u00e4 hetkell\u00e4 my\u00f6s Setlementti Tampereen hallituksessa puheenjohtajana. Setlementtity\u00f6 on minulle entuudestaan tuttu, sill\u00e4 olen toiminut aiemmin Suomen Setlementtiliiton liittohallituksen puheenjohtajana. Olen my\u00f6s Roivainen-Roivas-Roivanen-sukuseuran hallituksen j\u00e4sen.<\/p>\n\n\n\n<p>Olen naimisissa Pauli V\u00e4lim\u00e4en kanssa, asumme kahdestaan omakotitalossa Kaukaj\u00e4rven Levonm\u00e4ess\u00e4. Perheeseemme kuuluu kolme aikuista lasta ja viisi lastenlasta.<\/p>\n\n\n\n<p>Politiikka on kuulunut keskeisesti perheemme arkeen, sill\u00e4 my\u00f6s Pauli on toiminut Vihre\u00e4ss\u00e4 politiikassa niin valtakunnallisella tasolla Vihre\u00e4n Liiton varapuheenjohtajana ja Vihre\u00e4 Lanka-lehden p\u00e4\u00e4toimittajana kuin paikallisella tasolla kaupunginvaltuutettuna ja Vihre\u00e4n valtuustoryhm\u00e4n puheenjohtajana. Sittemmin h\u00e4n toimi kaupungilla kahden pormestarin esikunnassa kehitysp\u00e4\u00e4llik\u00f6n teht\u00e4viss\u00e4, nyt Paulikin on jo  el\u00e4kkeell\u00e4. <\/p>\n\n\n\n<p>Olen evankelisluterilaisen kirkon ja Her\u00e4tt\u00e4j\u00e4yhdistyksen j\u00e4sen. Koen hengelliseksi kodikseni her\u00e4nn\u00e4isyyden, \u201dk\u00f6rttil\u00e4isyydess\u00e4\u201d minuun vetoaa arkinen ja maanl\u00e4heinen usko ja melankoliset Siionin Virret.<\/p>\n<!-- AddThis Advanced Settings generic via filter on the_content --><!-- AddThis Share Buttons generic via filter on the_content -->","protected":false},"excerpt":{"rendered":"<p>Olen tamperelainen yhteiskuntatieteiden tohtori. J\u00e4in el\u00e4kkeelle Tampereen yliopistosta elokuussa 2019 toimittuani sen palveluksessa kolmekymment\u00e4 vuotta eri teht\u00e4viss\u00e4, viimeiset kymmenen vuotta sosiaality\u00f6n m\u00e4\u00e4r\u00e4aikaisena professorina. Kev\u00e4\u00e4ll\u00e4 2017 j\u00e4tin kunnallispolitiikan nelj\u00e4n valtuustokauden j\u00e4lkeen ehditty\u00e4ni toimia mm. Tampereen kaupunginvaltuuston puheenjohtajana (2009\u20132012), kaupunginhallituksen j\u00e4senen\u00e4 ja 2. varapuheenjohtaja T\u00e4ll\u00e4 hetkell\u00e4 toimin Tampereen vuokra-asunnot (TVA) hallituksessa varapuheenjohtajana ja Tampereen Sarka Oy:ss\u00e4 puheenjohtajana. &hellip; <\/p>\n<p class=\"link-more\"><a href=\"https:\/\/www.ireneroivainen.net\/\" class=\"more-link\">Jatka lukemista<span class=\"screen-reader-text\"> &#8221;Irene&#8221;<\/span><\/a><\/p>\n<p><!-- AddThis Advanced Settings generic via filter on get_the_excerpt --><!-- AddThis Share Buttons generic via filter on get_the_excerpt --><\/p>\n","protected":false},"author":2,"featured_media":0,"parent":0,"menu_order":0,"comment_status":"closed","ping_status":"closed","template":"","meta":{"footnotes":""},"class_list":["post-6","page","type-page","status-publish","hentry"],"_links":{"self":[{"href":"https:\/\/www.ireneroivainen.net\/index.php?rest_route=\/wp\/v2\/pages\/6","targetHints":{"allow":["GET"]}}],"collection":[{"href":"https:\/\/www.ireneroivainen.net\/index.php?rest_route=\/wp\/v2\/pages"}],"about":[{"href":"https:\/\/www.ireneroivainen.net\/index.php?rest_route=\/wp\/v2\/types\/page"}],"author":[{"embeddable":true,"href":"https:\/\/www.ireneroivainen.net\/index.php?rest_route=\/wp\/v2\/users\/2"}],"replies":[{"embeddable":true,"href":"https:\/\/www.ireneroivainen.net\/index.php?rest_route=%2Fwp%2Fv2%2Fcomments&post=6"}],"version-history":[{"count":11,"href":"https:\/\/www.ireneroivainen.net\/index.php?rest_route=\/wp\/v2\/pages\/6\/revisions"}],"predecessor-version":[{"id":1356,"href":"https:\/\/www.ireneroivainen.net\/index.php?rest_route=\/wp\/v2\/pages\/6\/revisions\/1356"}],"wp:attachment":[{"href":"https:\/\/www.ireneroivainen.net\/index.php?rest_route=%2Fwp%2Fv2%2Fmedia&parent=6"}],"curies":[{"name":"wp","href":"https:\/\/api.w.org\/{rel}","templated":true}]}}